{"id":2574,"date":"2021-12-02T21:32:49","date_gmt":"2021-12-02T20:32:49","guid":{"rendered":"http:\/\/smart2m.eu\/?page_id=2574"},"modified":"2022-05-10T00:06:41","modified_gmt":"2022-05-09T22:06:41","slug":"networks-in-advanced-materials","status":"publish","type":"page","link":"http:\/\/deeptech2m.eu\/index.php\/networks-in-advanced-materials\/","title":{"rendered":"Networks in Advanced Materials"},"content":{"rendered":"<p><a href=\"https:\/\/esaform.org\/\">ESAFORM<\/a><\/p>\n<p>The European Scientific Association for material FORMing -ESAFORM- is a non-profit scientific association. It was founded in January 1997 with the aim to propagate interest for all types of materials and all topics connected to Material Forming.<\/p>\n<p><a href=\"https:\/\/www.amable.eu\/\">AMable &#8211; Support for SMEs in the uptake of Additive Manufacturing<\/a><\/p>\n<p>AMable supports SMEs in the uptake of Additive Manufacturing through training, services and funding. It provides opportunities to learn and to explore, to test ideas and to assess economic viability. All from one source. Visit the AMable Services Arena and see what is in for you.<\/p>\n<p><a href=\"https:\/\/www.mecamat.asso.fr\/\"><span style=\"font-weight: 400;\">Mecamat &#8211;\u00a0 Mechanics and Materials scientific association<\/span><\/a><\/p>\n<p>A place of meetings and exchanges for the scientific community.<\/p>\n<p><a href=\"https:\/\/sf2m.fr\/\"><span style=\"font-weight: 400;\">SF2M &#8211;<\/span><span style=\"font-weight: 400;\">\u00a0 Scientific society on Metallurgy and Materials<\/span><\/a><\/p>\n<p id=\"tw-target-text\" class=\"tw-data-text tw-text-large tw-ta\" dir=\"ltr\" data-placeholder=\"\u041f\u0440\u0435\u0432\u043e\u0434\"><span class=\"Y2IQFc\" lang=\"en\">The French Society of Metallurgy and Materials, SF2M brings together around 1000 individual members (from the industrial and academic world) and 15 partners (industrial groups or federations). <\/span><\/p>\n<p class=\"tw-data-text tw-text-large tw-ta\" dir=\"ltr\" data-placeholder=\"\u041f\u0440\u0435\u0432\u043e\u0434\"><span class=\"Y2IQFc\" lang=\"en\">It is a place of meeting, training, and exchange, a driving force for the dissemination of information and innovations, and a point of convergence in a national and international network in the field of materials, their manufacture, and their usage.<\/span><\/p>\n<p><a href=\"http:\/\/afm.asso.fr\/\"><span style=\"font-weight: 400;\">AFM<\/span><span style=\"font-weight: 400;\">\u00a0&#8211; French association for mechanics<\/span><\/a><\/p>\n<p id=\"tw-target-text\" class=\"tw-data-text tw-text-large tw-ta\" dir=\"ltr\" data-placeholder=\"\u041f\u0440\u0435\u0432\u043e\u0434\"><span class=\"Y2IQFc\" lang=\"en\">The Association Fran\u00e7aise de M\u00e9canique, created in 1997 at the instigation of the Haut Comit\u00e9 M\u00e9canique (HCM) and the University Association in Mechanics (AUM), with the decisive support of the Federation of Mechanical Industries (FIM), is a company scholar representing Mechanics in France as a whole.<\/span><\/p>\n<p><a href=\"https:\/\/www.fim.net\/fr\/accueil\"><span style=\"font-weight: 400;\">FIM <\/span><span style=\"font-weight: 400;\">&#8211; Federation of mechanical industries<\/span><\/a><\/p>\n<p id=\"tw-target-text\" class=\"tw-data-text tw-text-large tw-ta\" dir=\"ltr\" data-placeholder=\"\u041f\u0440\u0435\u0432\u043e\u0434\"><span class=\"Y2IQFc\" lang=\"en\">The Federation of Mechanical Industries, which brings together 20 professional unions and 3,000 member mechanical companies, is one of the most important industrial federations within France Industrie. It interacts at the heart of a rich and varied ecosystem.<\/span><\/p>\n<p><a href=\"https:\/\/uimm.lafabriquedelavenir.fr\/industrie\/\"><span style=\"font-weight: 400;\">IUMM &#8211;<\/span><span style=\"font-weight: 400;\">\u00a0Union des industries\u00a0 et des m\u00e9tiers de la m\u00e9tallurgie<\/span><\/a><\/p>\n<p><a href=\"https:\/\/www.cefracor.org\/en\"><span style=\"font-weight: 400;\">Cefracor<\/span><span style=\"font-weight: 400;\">&#8211; French Association on corrosion<\/span><\/a><\/p>\n<p>The Thematic Commissions, open to the CEFRACOR members, are an ideal place to exchange scientific and technical information, to write technical documents, draft standards, etc., or to prepare technical days.<\/p>\n<p><a href=\"https:\/\/www.a3ts.org\/\"><span style=\"font-weight: 400;\">A3TS -French association on Thermal treatment and Surface Treatement<\/span><\/a><\/p>\n<p id=\"tw-target-text\" class=\"tw-data-text tw-text-large tw-ta\" dir=\"ltr\" data-placeholder=\"\u041f\u0440\u0435\u0432\u043e\u0434\"><span class=\"Y2IQFc\" lang=\"en\">A collaborative structure serving the dissemination of materials treatment technologies &#8211; heat treatments and surface treatments &#8211; in industrial sectors.<\/span><\/p>\n<p dir=\"ltr\" data-placeholder=\"\u041f\u0440\u0435\u0432\u043e\u0434\">\n","protected":false},"excerpt":{"rendered":"<p>ESAFORM The European Scientific Association for material FORMing -ESAFORM- is a non-profit scientific association. It was founded in January 1997 with the aim to propagate interest for all types of materials and all topics connected to Material Forming. AMable &#8211; Support for SMEs in the uptake of Additive Manufacturing AMable supports SMEs in the uptake [&hellip;]<\/p>\n","protected":false},"author":3,"featured_media":0,"parent":0,"menu_order":0,"comment_status":"closed","ping_status":"closed","template":"","meta":{"_mi_skip_tracking":false},"_links":{"self":[{"href":"http:\/\/deeptech2m.eu\/index.php\/wp-json\/wp\/v2\/pages\/2574"}],"collection":[{"href":"http:\/\/deeptech2m.eu\/index.php\/wp-json\/wp\/v2\/pages"}],"about":[{"href":"http:\/\/deeptech2m.eu\/index.php\/wp-json\/wp\/v2\/types\/page"}],"author":[{"embeddable":true,"href":"http:\/\/deeptech2m.eu\/index.php\/wp-json\/wp\/v2\/users\/3"}],"replies":[{"embeddable":true,"href":"http:\/\/deeptech2m.eu\/index.php\/wp-json\/wp\/v2\/comments?post=2574"}],"version-history":[{"count":5,"href":"http:\/\/deeptech2m.eu\/index.php\/wp-json\/wp\/v2\/pages\/2574\/revisions"}],"predecessor-version":[{"id":2736,"href":"http:\/\/deeptech2m.eu\/index.php\/wp-json\/wp\/v2\/pages\/2574\/revisions\/2736"}],"wp:attachment":[{"href":"http:\/\/deeptech2m.eu\/index.php\/wp-json\/wp\/v2\/media?parent=2574"}],"curies":[{"name":"wp","href":"https:\/\/api.w.org\/{rel}","templated":true}]}}